{"id":2,"date":"2023-06-04T00:13:40","date_gmt":"2023-06-03T22:13:40","guid":{"rendered":"http:\/\/dietpropet.sk\/?page_id=2"},"modified":"2023-06-04T00:36:43","modified_gmt":"2023-06-03T22:36:43","slug":"ukazkova-stranka","status":"publish","type":"page","link":"https:\/\/dietpropet.sk\/?page_id=2","title":{"rendered":"Vitajte na na\u0161ej webovej str\u00e1nke."},"content":{"rendered":"\n<p>\u010coskoro V\u00e1m priprav\u00edme obsah, ale dovtedi sa zaregistrujte u n\u00e1s. <\/p>\n\n\n\n<pre class=\"wp-block-code\"><code>&lt;iframe src=\"https:\/\/docs.google.com\/forms\/d\/e\/1FAIpQLSdRRfjAJYuPnOZ4WWM1yI95zXAtWip1jMmZFwqpg9ocY59XLw\/viewform?embedded=true\" width=\"640\" height=\"714\" frameborder=\"0\" marginheight=\"0\" marginwidth=\"0\">Bet\u00f6lt\u00e9s\u2026&lt;\/iframe><\/code><\/pre>\n","protected":false},"excerpt":{"rendered":"<p>\u010coskoro V\u00e1m priprav\u00edme obsah, ale dovtedi sa zaregistrujte u n\u00e1s.<\/p>\n","protected":false},"author":1,"featured_media":0,"parent":0,"menu_order":0,"comment_status":"closed","ping_status":"open","template":"","meta":[],"_links":{"self":[{"href":"https:\/\/dietpropet.sk\/index.php?rest_route=\/wp\/v2\/pages\/2"}],"collection":[{"href":"https:\/\/dietpropet.sk\/index.php?rest_route=\/wp\/v2\/pages"}],"about":[{"href":"https:\/\/dietpropet.sk\/index.php?rest_route=\/wp\/v2\/types\/page"}],"author":[{"embeddable":true,"href":"https:\/\/dietpropet.sk\/index.php?rest_route=\/wp\/v2\/users\/1"}],"replies":[{"embeddable":true,"href":"https:\/\/dietpropet.sk\/index.php?rest_route=%2Fwp%2Fv2%2Fcomments&post=2"}],"version-history":[{"count":1,"href":"https:\/\/dietpropet.sk\/index.php?rest_route=\/wp\/v2\/pages\/2\/revisions"}],"predecessor-version":[{"id":7,"href":"https:\/\/dietpropet.sk\/index.php?rest_route=\/wp\/v2\/pages\/2\/revisions\/7"}],"wp:attachment":[{"href":"https:\/\/dietpropet.sk\/index.php?rest_route=%2Fwp%2Fv2%2Fmedia&parent=2"}],"curies":[{"name":"wp","href":"https:\/\/api.w.org\/{rel}","templated":true}]}}